{"id":1932,"date":"2021-12-09T09:09:31","date_gmt":"2021-12-09T08:09:31","guid":{"rendered":"https:\/\/dr-gmelin.com\/aviso-legal\/"},"modified":"2021-12-09T09:13:55","modified_gmt":"2021-12-09T08:13:55","slug":"aviso-legal","status":"publish","type":"page","link":"https:\/\/dr-gmelin.com\/es\/aviso-legal\/","title":{"rendered":"Aviso Legal"},"content":{"rendered":"<p>[et_pb_section fb_built=\u00bb1&#8243; _builder_version=\u00bb4.13.0&#8243; _module_preset=\u00bbdefault\u00bb global_colors_info=\u00bb{}\u00bb][et_pb_row _builder_version=\u00bb4.13.0&#8243; _module_preset=\u00bbdefault\u00bb global_colors_info=\u00bb{}\u00bb][et_pb_column type=\u00bb4_4&#8243; _builder_version=\u00bb4.13.0&#8243; _module_preset=\u00bbdefault\u00bb global_colors_info=\u00bb{}\u00bb][et_pb_text _builder_version=\u00bb4.13.0&#8243; _module_preset=\u00bbdefault\u00bb hover_enabled=\u00bb0&#8243; global_colors_info=\u00bb{}\u00bb sticky_enabled=\u00bb0&#8243;]<\/p>\n<h1>Aviso legal<\/h1>\n<p>Dr. Christian Gmelin<br \/>Especialista en medicina interna<br \/>Centro M\u00e9dico Porto Pi<br \/>Calle Porto Pi, 8, 1a<br \/>07015 Palma de Mallorca<br \/>NIE: Y2521032-Q<\/p>\n<p>Responsabilidad del contenido: Dr. Christian Gmelin<\/p>\n<h2>Contacto<\/h2>\n<p>Tel\u00e9fono: 0034 971 707 055<br \/>Correo electr\u00f3nico: info (at) dr-gmelin (Punkt) com<\/p>\n<h2>T\u00edtulo del puesto y normativa profesional.<\/h2>\n<p>T\u00edtulo profesional:<br \/>Especialista en medicina interna<\/p>\n<p>C\u00e1mara competente:<br \/>Colegio de M\u00e9dicos de las Islas Baleares (COMIB)<br \/><a href=\"https:\/\/www.comib.com\/\" target=\"_blank\" rel=\"noopener\">https:\/\/www.comib.com\/<\/a><\/p>\n<p>Premiado en:<br \/>Espa\u00f1a<\/p>\n<p>Exenci\u00f3n de responsabilidad<strong><br \/><\/strong>Centro M\u00e9dico Porto Pi no se responsabiliza por la exactitud, integridad y actualidad de la informaci\u00f3n proporcionada en este sitio web. Ellos no ser\u00e1n responsables por los da\u00f1os resultantes del uso o no uso de este sitio web. No se asumir\u00e1 ninguna responsabilidad por los contenidos de sitios web de terceros vinculados a este sitio web y que contengan informaci\u00f3n de la que son responsables terceros.<\/p>\n<p>Centro M\u00e9dico Porto Pi declara que no tienen influencia en el dise\u00f1o actual o futuro, en los contenidos o derechos de autor de los sitios web vinculados y por este medio se desvincula expresamente de cualquier contenido de los sitios vinculados a su sitio web que hayan sido modificados despu\u00e9s del enlace y no los reconozcan. Toda la informaci\u00f3n sobre los contenidos cuestionables en los sitios vinculados en su sitio web son bienvenidos.<\/p>\n<p>Derechos de autor<br \/>Todos los contenidos y estructuras de este sitio web est\u00e1n sujetos a derechos de autor. La publicaci\u00f3n en la World Wide Web o el uso de otros servicios de Internet no otorga el consentimiento para ning\u00fan otro uso por parte de terceros. Permitimos y damos la bienvenida a citas de nuestros documentos y enlaces a nuestro sitio web a menos que no quede claro que la cita est\u00e1 contenida en el sitio web de d \/ vision y a menos que dichos contenidos est\u00e9n conectados con contenido de terceros que contradice los intereses del Centro M\u00e9dico Porto Pi.<\/p>\n<p>Derechos de propiedad intelectual<br \/>Todas las marcas y marcas comerciales mencionadas en este sitio web y posiblemente protegidas por terceros est\u00e1n sujetas, sin restricci\u00f3n, a las disposiciones de la ley de marcas comerciales aplicable y a los derechos de propiedad de los respectivos propietarios registrados. El mero hecho de mencionarlo no es sacar la conclusi\u00f3n de que las marcas registradas no est\u00e1n protegidas por derechos de terceros.<\/p>\n<p>V\u00e1lido desde el 9 de diciembre de 2021<\/p>\n<p>[\/et_pb_text][\/et_pb_column][\/et_pb_row][\/et_pb_section]<\/p>\n","protected":false},"excerpt":{"rendered":"<p>Aviso legal Dr. Christian GmelinEspecialista en medicina internaCentro M\u00e9dico Porto PiCalle Porto Pi, 8, 1a07015 Palma de MallorcaNIE: Y2521032-Q Responsabilidad del contenido: Dr. Christian Gmelin Contacto Tel\u00e9fono: 0034 971 707 055Correo electr\u00f3nico: info (at) dr-gmelin (Punkt) com T\u00edtulo del puesto y normativa profesional. T\u00edtulo profesional:Especialista en medicina interna C\u00e1mara competente:Colegio de M\u00e9dicos de las Islas [&hellip;]<\/p>\n","protected":false},"author":1,"featured_media":0,"parent":0,"menu_order":0,"comment_status":"closed","ping_status":"closed","template":"","meta":{"_et_pb_use_builder":"on","_et_pb_old_content":"","_et_gb_content_width":"","footnotes":""},"class_list":["post-1932","page","type-page","status-publish","hentry"],"_links":{"self":[{"href":"https:\/\/dr-gmelin.com\/es\/wp-json\/wp\/v2\/pages\/1932","targetHints":{"allow":["GET"]}}],"collection":[{"href":"https:\/\/dr-gmelin.com\/es\/wp-json\/wp\/v2\/pages"}],"about":[{"href":"https:\/\/dr-gmelin.com\/es\/wp-json\/wp\/v2\/types\/page"}],"author":[{"embeddable":true,"href":"https:\/\/dr-gmelin.com\/es\/wp-json\/wp\/v2\/users\/1"}],"replies":[{"embeddable":true,"href":"https:\/\/dr-gmelin.com\/es\/wp-json\/wp\/v2\/comments?post=1932"}],"version-history":[{"count":3,"href":"https:\/\/dr-gmelin.com\/es\/wp-json\/wp\/v2\/pages\/1932\/revisions"}],"predecessor-version":[{"id":1936,"href":"https:\/\/dr-gmelin.com\/es\/wp-json\/wp\/v2\/pages\/1932\/revisions\/1936"}],"wp:attachment":[{"href":"https:\/\/dr-gmelin.com\/es\/wp-json\/wp\/v2\/media?parent=1932"}],"curies":[{"name":"wp","href":"https:\/\/api.w.org\/{rel}","templated":true}]}}