{"id":1298,"date":"2021-11-24T13:28:56","date_gmt":"2021-11-24T12:28:56","guid":{"rendered":"https:\/\/dr-gmelin.com\/informacion\/"},"modified":"2021-12-22T21:45:07","modified_gmt":"2021-12-22T20:45:07","slug":"informacion","status":"publish","type":"page","link":"https:\/\/dr-gmelin.com\/es\/informacion\/","title":{"rendered":"Informaci\u00f3n"},"content":{"rendered":"<p>[et_pb_section fb_built=\u00bb1&#8243; _builder_version=\u00bb4.11.0&#8243; _module_preset=\u00bbdefault\u00bb use_background_color_gradient=\u00bbon\u00bb background_color_gradient_start=\u00bbrgba(0,0,0,0.6)\u00bb background_color_gradient_end=\u00bbrgba(0,0,0,0.6)\u00bb background_color_gradient_overlays_image=\u00bbon\u00bb background_image=\u00bbhttps:\/\/dr-gmelin.com\/wp-content\/uploads\/2021\/10\/Dr-Gmelin-Facharzt-fu\u0308r-innere-Medizin-auf-Mallorca.jpeg\u00bb global_colors_info=\u00bb{}\u00bb][et_pb_row _builder_version=\u00bb4.13.0&#8243; _module_preset=\u00bbdefault\u00bb width=\u00bb60%\u00bb width_tablet=\u00bb92%\u00bb width_phone=\u00bb92%\u00bb width_last_edited=\u00bbon|tablet\u00bb custom_padding=\u00bb||0px||false|false\u00bb global_colors_info=\u00bb{}\u00bb][et_pb_column type=\u00bb4_4&#8243; _builder_version=\u00bb4.11.0&#8243; _module_preset=\u00bbdefault\u00bb global_colors_info=\u00bb{}\u00bb][et_pb_text _builder_version=\u00bb4.13.0&#8243; _module_preset=\u00bbdefault\u00bb header_font=\u00bbRoboto||||||||\u00bb header_text_align=\u00bbcenter\u00bb header_text_color=\u00bb#FFFFFF\u00bb header_font_size=\u00bb40px\u00bb header_line_height=\u00bb1.3em\u00bb custom_margin=\u00bb||0px||false|false\u00bb header_text_shadow_style=\u00bbpreset1&#8243; global_colors_info=\u00bb{}\u00bb]<\/p>\n<h1>Informaci\u00f3n<\/h1>\n<p>[\/et_pb_text][et_pb_text _builder_version=\u00bb4.13.0&#8243; _module_preset=\u00bbdefault\u00bb text_text_color=\u00bb#FFFFFF\u00bb text_font_size=\u00bb25px\u00bb text_line_height=\u00bb1.5em\u00bb text_orientation=\u00bbcenter\u00bb text_text_shadow_style=\u00bbpreset1&#8243; global_colors_info=\u00bb{}\u00bb]Aqu\u00ed encontrar\u00e1 toda la informaci\u00f3n importante sobre nuestro centro m\u00e9dico y su visita con nosotros[\/et_pb_text][\/et_pb_column][\/et_pb_row][et_pb_row _builder_version=\u00bb4.13.0&#8243; _module_preset=\u00bbdefault\u00bb global_colors_info=\u00bb{}\u00bb][et_pb_column type=\u00bb4_4&#8243; _builder_version=\u00bb4.13.0&#8243; _module_preset=\u00bbdefault\u00bb custom_css_main_element=\u00bbdisplay: flex;||justify-content: center;\u00bb global_colors_info=\u00bb{}\u00bb custom_css_main_element_last_edited=\u00bbon|phone\u00bb custom_css_main_element_phone=\u00bbdisplay: block;\u00bb custom_css_main_element_tablet=\u00bbdisplay: flex;||justify-content: center;\u00bb][et_pb_button button_url=\u00bb#cita\u00bb button_text=\u00bb\u00a1Pide cita aqu\u00ed!\u00bb button_alignment_tablet=\u00bb\u00bb button_alignment_phone=\u00bbcenter\u00bb button_alignment_last_edited=\u00bbon|phone\u00bb _builder_version=\u00bb4.13.0&#8243; _module_preset=\u00bbdefault\u00bb custom_button=\u00bbon\u00bb button_text_size=\u00bb20px\u00bb button_bg_color=\u00bb#E20512&#8243; button_font=\u00bbRoboto||||||||\u00bb custom_margin=\u00bb|1vw|||false|false\u00bb animation_style=\u00bbbounce\u00bb global_colors_info=\u00bb{}\u00bb][\/et_pb_button][et_pb_button button_url=\u00bb#seguros\u00bb button_text=\u00bbM\u00e1s Informaci\u00f3n\u00bb button_alignment_tablet=\u00bb\u00bb button_alignment_phone=\u00bbcenter\u00bb button_alignment_last_edited=\u00bbon|phone\u00bb _builder_version=\u00bb4.13.0&#8243; _module_preset=\u00bbdefault\u00bb custom_button=\u00bbon\u00bb button_text_size=\u00bb20px\u00bb button_text_color=\u00bb#E20512&#8243; button_bg_color=\u00bb#FFFFFF\u00bb button_border_color=\u00bb#FFFFFF\u00bb button_font=\u00bbRoboto||||||||\u00bb global_colors_info=\u00bb{}\u00bb button_border_color__hover_enabled=\u00bbon|hover\u00bb button_border_color__hover=\u00bb#FFFFFF\u00bb][\/et_pb_button][\/et_pb_column][\/et_pb_row][\/et_pb_section][et_pb_section fb_built=\u00bb1&#8243; module_id=\u00bbseguros\u00bb _builder_version=\u00bb4.13.0&#8243; _module_preset=\u00bbdefault\u00bb global_colors_info=\u00bb{}\u00bb][et_pb_row _builder_version=\u00bb4.13.0&#8243; _module_preset=\u00bbdefault\u00bb width_tablet=\u00bb\u00bb width_phone=\u00bb80%\u00bb width_last_edited=\u00bbon|phone\u00bb global_colors_info=\u00bb{}\u00bb][et_pb_column type=\u00bb4_4&#8243; _builder_version=\u00bb4.11.0&#8243; _module_preset=\u00bbdefault\u00bb global_colors_info=\u00bb{}\u00bb][et_pb_text _builder_version=\u00bb4.13.0&#8243; _module_preset=\u00bbdefault\u00bb text_font=\u00bbRoboto|900||on|||||\u00bb text_text_color=\u00bb#000000&#8243; text_font_size=\u00bb44px\u00bb text_letter_spacing=\u00bb0.5px\u00bb text_line_height=\u00bb1.3em\u00bb header_2_font=\u00bbRoboto|900||on|||||\u00bb header_2_font_size=\u00bb44px\u00bb header_2_letter_spacing=\u00bb0.5px\u00bb header_2_line_height=\u00bb1.3em\u00bb text_orientation=\u00bbcenter\u00bb header_2_font_size_tablet=\u00bb40px\u00bb header_2_font_size_phone=\u00bb23px\u00bb header_2_font_size_last_edited=\u00bbon|tablet\u00bb global_colors_info=\u00bb{}\u00bb]El Centro M\u00e9dico Porto Pi colabora con las siguientes compa\u00f1\u00edas de  <span style=\"color: #e20512;\">seguros <\/span>de salud [\/et_pb_text][\/et_pb_column][\/et_pb_row][et_pb_row column_structure=\u00bb1_2,1_2&#8243; _builder_version=\u00bb4.11.0&#8243; _module_preset=\u00bbdefault\u00bb global_colors_info=\u00bb{}\u00bb][et_pb_column type=\u00bb1_2&#8243; _builder_version=\u00bb4.11.0&#8243; _module_preset=\u00bbdefault\u00bb global_colors_info=\u00bb{}\u00bb][et_pb_text _builder_version=\u00bb4.13.0&#8243; _module_preset=\u00bbdefault\u00bb text_font_size=\u00bb17px\u00bb text_line_height=\u00bb1.6em\u00bb global_colors_info=\u00bb{}\u00bb]La facturaci\u00f3n del Centro M\u00e9dico Porto Pi se basa en la escala de tarifas alemana para m\u00e9dicos (GO\u00c4). Las siguientes compa\u00f1\u00edas de seguros le reembolsar\u00e1n los servicios y ex\u00e1menes prestados por nuestro centro m\u00e9dico: [\/et_pb_text][et_pb_blurb title=\u00bbTodas las compa\u00f1\u00edas de seguros de salud privadas alemanas y suizas. \u00bb use_icon=\u00bbon\u00bb font_icon=\u00bb&#x5e;||divi||400&#8243; icon_color=\u00bb#E20512&#8243; icon_placement=\u00bbleft\u00bb image_icon_width=\u00bb20px\u00bb content_max_width=\u00bb100%\u00bb _builder_version=\u00bb4.13.0&#8243; _module_preset=\u00bbdefault\u00bb header_font=\u00bbRoboto||||||||\u00bb header_font_size=\u00bb17px\u00bb header_line_height=\u00bb1.3em\u00bb custom_margin=\u00bb||0px||false|false\u00bb custom_css_blurb_title=\u00bbmargin-left: -15px;\u00bb icon_font_size=\u00bb20px\u00bb global_colors_info=\u00bb{}\u00bb][\/et_pb_blurb][et_pb_blurb title=\u00bbTodas las compa\u00f1\u00edas privadas de seguros m\u00e9dicos de viaje. \u00bb use_icon=\u00bbon\u00bb font_icon=\u00bb&#x5e;||divi||400&#8243; icon_color=\u00bb#E20512&#8243; icon_placement=\u00bbleft\u00bb image_icon_width=\u00bb20px\u00bb content_max_width=\u00bb100%\u00bb _builder_version=\u00bb4.13.0&#8243; _module_preset=\u00bbdefault\u00bb header_font=\u00bbRoboto||||||||\u00bb header_font_size=\u00bb17px\u00bb header_line_height=\u00bb1.3em\u00bb custom_margin=\u00bb||0px||false|false\u00bb custom_css_blurb_title=\u00bbmargin-left: -15px;\u00bb icon_font_size=\u00bb20px\u00bb global_colors_info=\u00bb{}\u00bb][\/et_pb_blurb][et_pb_blurb title=\u00bbTodas las compa\u00f1\u00edas privadas de seguros de salud espa\u00f1olas con libre elecci\u00f3n de m\u00e9dicos y reembolso parcial (generalmente el 80%) de los costos del tratamiento (tipo de p\u00f3liza %22Reembolso%22), por ejemplo de \u201cDKV Mundisalud\/Residentes\/TopHealth\u201d, %22AXA Optima Plus%22, %22Sanitas Reembolso%22, %22Adeslas Reembolso%22, %22MAPFRE Reembolso%22, etc. \u00bb use_icon=\u00bbon\u00bb font_icon=\u00bb&#x5e;||divi||400&#8243; icon_color=\u00bb#E20512&#8243; icon_placement=\u00bbleft\u00bb image_icon_width=\u00bb20px\u00bb content_max_width=\u00bb100%\u00bb _builder_version=\u00bb4.13.0&#8243; _module_preset=\u00bbdefault\u00bb header_font=\u00bbRoboto||||||||\u00bb header_font_size=\u00bb17px\u00bb header_line_height=\u00bb1.3em\u00bb custom_margin=\u00bb||0px||false|false\u00bb custom_css_blurb_title=\u00bbmargin-left: -15px;\u00bb icon_font_size=\u00bb20px\u00bb global_colors_info=\u00bb{}\u00bb][\/et_pb_blurb][\/et_pb_column][et_pb_column type=\u00bb1_2&#8243; _builder_version=\u00bb4.11.0&#8243; _module_preset=\u00bbdefault\u00bb global_colors_info=\u00bb{}\u00bb][et_pb_image src=\u00bbhttps:\/\/dr-gmelin.com\/wp-content\/uploads\/2021\/10\/health-insurance-2021-08-26-19-52-46-utc-1.jpg\u00bb title_text=\u00bbhealth-insurance-2021-08-26-19-52-46-utc (1)\u00bb _builder_version=\u00bb4.11.0&#8243; _module_preset=\u00bbdefault\u00bb scroll_vertical_motion_enable=\u00bbon\u00bb scroll_vertical_motion=\u00bb0|50|50|100|0.5|0|0&#8243; global_colors_info=\u00bb{}\u00bb][\/et_pb_image][\/et_pb_column][\/et_pb_row][et_pb_row _builder_version=\u00bb4.11.0&#8243; _module_preset=\u00bbdefault\u00bb global_colors_info=\u00bb{}\u00bb][et_pb_column type=\u00bb4_4&#8243; _builder_version=\u00bb4.11.0&#8243; _module_preset=\u00bbdefault\u00bb global_colors_info=\u00bb{}\u00bb][et_pb_text _builder_version=\u00bb4.13.0&#8243; _module_preset=\u00bbdefault\u00bb text_font_size=\u00bb17px\u00bb text_line_height=\u00bb1.6em\u00bb link_text_color=\u00bb#E20512&#8243; global_colors_info=\u00bb{}\u00bb]<\/p>\n<p>Un seguro de salud privado espa\u00f1ol como los mencionados anteriormente puede ser contratado por cualquier residente registrado en Espa\u00f1a.<\/p>\n<p>\u00bfTiene alguna pregunta? \u00a1Ll\u00e1menos al <a href=\"tel:0034971707055\">(+34) 971707055<\/a> para obtener asesoramiento personalizado!<\/p>\n<p>[\/et_pb_text][et_pb_button button_url=\u00bbtel:0034971707055&#8243; button_text=\u00bb\u00a1Ll\u00e1menos!\u00bb button_alignment=\u00bbcenter\u00bb _builder_version=\u00bb4.13.0&#8243; _module_preset=\u00bbdefault\u00bb custom_button=\u00bbon\u00bb button_text_size=\u00bb20px\u00bb button_text_color=\u00bb#E20512&#8243; button_bg_color=\u00bbRGBA(0,0,0,0)\u00bb button_letter_spacing=\u00bb1px\u00bb button_font=\u00bbRoboto||||||||\u00bb custom_margin=\u00bb||||false|false\u00bb custom_css_main_element=\u00bbdisplay: inline-block;||float: left;\u00bb global_colors_info=\u00bb{}\u00bb button_text_color__hover=\u00bb#FFFFFF\u00bb button_text_color__hover_enabled=\u00bbon|hover\u00bb button_bg_color__hover=\u00bb#E20512&#8243; button_bg_color__hover_enabled=\u00bbon|hover\u00bb custom_css_main_element_last_edited=\u00bbon|phone\u00bb custom_css_main_element_phone=\u00bbdisplay: block;||float: none;\u00bb custom_css_main_element_tablet=\u00bbdisplay: inline-block;||float: left;\u00bb][\/et_pb_button][et_pb_button button_url=\u00bb#cita\u00bb button_text=\u00bbFormulario de Contacto\u00bb button_alignment=\u00bbcenter\u00bb _builder_version=\u00bb4.13.0&#8243; _module_preset=\u00bbdefault\u00bb custom_button=\u00bbon\u00bb button_text_size=\u00bb20px\u00bb button_letter_spacing=\u00bb1px\u00bb button_font=\u00bbRoboto||||||||\u00bb custom_margin=\u00bb||||false|false\u00bb custom_css_main_element=\u00bbdisplay: inline-block;||float: left;||margin-left: 25px;\u00bb global_colors_info=\u00bb{}\u00bb button_text_color__hover=\u00bb#FFFFFF\u00bb button_text_color__hover_enabled=\u00bbon|hover\u00bb button_bg_color__hover=\u00bb#E20512&#8243; button_bg_color__hover_enabled=\u00bbon|hover\u00bb custom_css_main_element_last_edited=\u00bbon|phone\u00bb custom_css_main_element_phone=\u00bbdisplay: block;\u00bb custom_css_main_element_tablet=\u00bbdisplay: inline-block;||float: left;||margin-left: 25px;\u00bb][\/et_pb_button][\/et_pb_column][\/et_pb_row][\/et_pb_section][et_pb_section fb_built=\u00bb1&#8243; module_id=\u00bbequipo\u00bb _builder_version=\u00bb4.13.0&#8243; _module_preset=\u00bbdefault\u00bb custom_padding=\u00bb||10vw||false|false\u00bb box_shadow_style=\u00bbpreset7&#8243; box_shadow_horizontal=\u00bb30vw\u00bb box_shadow_vertical=\u00bb0px\u00bb box_shadow_color=\u00bb#f4f4f4&#8243; global_colors_info=\u00bb{}\u00bb][et_pb_row _builder_version=\u00bb4.11.0&#8243; _module_preset=\u00bbdefault\u00bb global_colors_info=\u00bb{}\u00bb][et_pb_column type=\u00bb4_4&#8243; _builder_version=\u00bb4.11.0&#8243; _module_preset=\u00bbdefault\u00bb global_colors_info=\u00bb{}\u00bb][et_pb_text _builder_version=\u00bb4.13.0&#8243; _module_preset=\u00bbdefault\u00bb text_font=\u00bbRoboto|900||on|||||\u00bb text_text_color=\u00bb#000000&#8243; text_font_size=\u00bb45px\u00bb text_letter_spacing=\u00bb0.5px\u00bb text_line_height=\u00bb1.3em\u00bb header_2_font=\u00bbRoboto|900|||||||\u00bb header_2_font_size=\u00bb44px\u00bb header_2_letter_spacing=\u00bb0.5px\u00bb header_2_line_height=\u00bb1.3em\u00bb text_orientation=\u00bbcenter\u00bb header_2_font_size_tablet=\u00bb40px\u00bb header_2_font_size_phone=\u00bb23px\u00bb header_2_font_size_last_edited=\u00bbon|tablet\u00bb global_colors_info=\u00bb{}\u00bb]<\/p>\n<h2>EL EQUIPO M\u00c9DICO DEL CENTRO M\u00c9DICO PORTO PI &#8211; Aqu\u00ed encontrar\u00e1 los siguientes <span style=\"color: #e20512;\">especialistas<\/span>:<\/h2>\n<p>[\/et_pb_text][\/et_pb_column][\/et_pb_row][et_pb_row column_structure=\u00bb1_3,1_3,1_3&#8243; use_custom_gutter=\u00bbon\u00bb gutter_width=\u00bb1&#8243; make_equal=\u00bbon\u00bb _builder_version=\u00bb4.11.0&#8243; _module_preset=\u00bbdefault\u00bb custom_margin=\u00bb||0px||false|false\u00bb custom_padding=\u00bb||0px||false|false\u00bb global_colors_info=\u00bb{}\u00bb][et_pb_column type=\u00bb1_3&#8243; module_class=\u00bbpa-button-over-image\u00bb _builder_version=\u00bb4.11.0&#8243; _module_preset=\u00bbdefault\u00bb global_colors_info=\u00bb{}\u00bb][et_pb_image src=\u00bbhttps:\/\/dr-gmelin.com\/wp-content\/uploads\/2021\/10\/human-internal-organs-dummy-model-2021-08-31-17-20-35-utc-1.jpg\u00bb title_text=\u00bbhuman-internal-organs-dummy-model-2021-08-31-17-20-35-utc (1)\u00bb _builder_version=\u00bb4.11.0&#8243; _module_preset=\u00bbdefault\u00bb global_colors_info=\u00bb{}\u00bb][\/et_pb_image][et_pb_button button_url=\u00bbhttps:\/\/www.centromedicoportopi.es\/es\/especialidad\/internista\/\u00bb url_new_window=\u00bbon\u00bb button_text=\u00bbMedicina Interna \u00bb button_alignment=\u00bbcenter\u00bb _builder_version=\u00bb4.13.0&#8243; _module_preset=\u00bbdefault\u00bb custom_button=\u00bbon\u00bb button_text_size=\u00bb20px\u00bb button_text_color=\u00bb#FFFFFF\u00bb button_bg_color=\u00bb#000000&#8243; button_border_width=\u00bb0px\u00bb button_border_color=\u00bbRGBA(0,0,0,0)\u00bb button_font=\u00bbRoboto|700|||||||\u00bb button_use_icon=\u00bboff\u00bb global_colors_info=\u00bb{}\u00bb button_border_width__hover_enabled=\u00bbon|hover\u00bb button_border_color__hover_enabled=\u00bbon|hover\u00bb button_border_color__hover=\u00bbRGBA(0,0,0,0)\u00bb button_bg_color__hover_enabled=\u00bbon|hover\u00bb button_bg_color__hover=\u00bbRGBA(0,0,0,0)\u00bb button_bg_enable_color__hover=\u00bbon\u00bb button_border_width__hover=\u00bb0px\u00bb][\/et_pb_button][\/et_pb_column][et_pb_column type=\u00bb1_3&#8243; module_class=\u00bbpa-button-over-image\u00bb _builder_version=\u00bb4.11.0&#8243; _module_preset=\u00bbdefault\u00bb global_colors_info=\u00bb{}\u00bb][et_pb_image src=\u00bbhttps:\/\/dr-gmelin.com\/wp-content\/uploads\/2021\/10\/little-girl-in-eyewear-in-ophthalmology-clinic-hav-2021-08-28-22-10-38-utc-1.jpg\u00bb title_text=\u00bblittle-girl-in-eyewear-in-ophthalmology-clinic-hav-2021-08-28-22-10-38-utc (1)\u00bb _builder_version=\u00bb4.11.0&#8243; _module_preset=\u00bbdefault\u00bb global_colors_info=\u00bb{}\u00bb][\/et_pb_image][et_pb_button button_url=\u00bbhttps:\/\/www.centromedicoportopi.es\/es\/especialidad\/oftalmologo\/\u00bb url_new_window=\u00bbon\u00bb button_text=\u00bbOftalmolog\u00eda\u00bb _builder_version=\u00bb4.13.0&#8243; _module_preset=\u00bbdefault\u00bb custom_button=\u00bbon\u00bb button_text_size=\u00bb20px\u00bb button_text_color=\u00bb#FFFFFF\u00bb button_bg_color=\u00bb#000000&#8243; button_border_width=\u00bb0px\u00bb button_border_color=\u00bbRGBA(0,0,0,0)\u00bb button_font=\u00bbRoboto|700|||||||\u00bb button_use_icon=\u00bboff\u00bb global_colors_info=\u00bb{}\u00bb button_border_width__hover_enabled=\u00bbon|hover\u00bb button_border_color__hover_enabled=\u00bbon|hover\u00bb button_border_color__hover=\u00bbRGBA(0,0,0,0)\u00bb button_bg_color__hover_enabled=\u00bbon|hover\u00bb button_bg_color__hover=\u00bbRGBA(0,0,0,0)\u00bb button_bg_enable_color__hover=\u00bbon\u00bb button_border_width__hover=\u00bb0px\u00bb][\/et_pb_button][\/et_pb_column][et_pb_column type=\u00bb1_3&#8243; module_class=\u00bbpa-button-over-image\u00bb _builder_version=\u00bb4.11.0&#8243; _module_preset=\u00bbdefault\u00bb global_colors_info=\u00bb{}\u00bb][et_pb_image src=\u00bbhttps:\/\/dr-gmelin.com\/wp-content\/uploads\/2021\/10\/pregnant-woman-s-belly-in-a-gynecological-office-2021-09-01-20-43-34-utc-1.jpg\u00bb title_text=\u00bbpregnant-woman-s-belly-in-a-gynecological-office-2021-09-01-20-43-34-utc (1)\u00bb _builder_version=\u00bb4.11.0&#8243; _module_preset=\u00bbdefault\u00bb global_colors_info=\u00bb{}\u00bb][\/et_pb_image][et_pb_button button_url=\u00bbhttps:\/\/www.centromedicoportopi.es\/es\/especialidad\/ginecologo-obstetricia\/\u00bb url_new_window=\u00bbon\u00bb button_text=\u00bbGinecolog\u00eda &#038; Obstetricia \u00bb button_alignment=\u00bbcenter\u00bb _builder_version=\u00bb4.13.0&#8243; _module_preset=\u00bbdefault\u00bb custom_button=\u00bbon\u00bb button_text_size=\u00bb20px\u00bb button_text_color=\u00bb#FFFFFF\u00bb button_bg_color=\u00bb#000000&#8243; button_border_width=\u00bb0px\u00bb button_border_color=\u00bbRGBA(0,0,0,0)\u00bb button_font=\u00bbRoboto|700|||||||\u00bb button_use_icon=\u00bboff\u00bb global_colors_info=\u00bb{}\u00bb button_border_width__hover_enabled=\u00bbon|hover\u00bb button_border_color__hover_enabled=\u00bbon|hover\u00bb button_border_color__hover=\u00bbRGBA(0,0,0,0)\u00bb button_bg_color__hover_enabled=\u00bbon|hover\u00bb button_bg_color__hover=\u00bbRGBA(0,0,0,0)\u00bb button_bg_enable_color__hover=\u00bbon\u00bb button_border_width__hover=\u00bb0px\u00bb][\/et_pb_button][\/et_pb_column][\/et_pb_row][et_pb_row column_structure=\u00bb1_4,1_4,1_4,1_4&#8243; use_custom_gutter=\u00bbon\u00bb gutter_width=\u00bb1&#8243; make_equal=\u00bbon\u00bb _builder_version=\u00bb4.11.0&#8243; _module_preset=\u00bbdefault\u00bb custom_padding=\u00bb0px||0px||true|false\u00bb global_colors_info=\u00bb{}\u00bb][et_pb_column type=\u00bb1_4&#8243; module_class=\u00bbpa-button-over-image\u00bb _builder_version=\u00bb4.11.0&#8243; _module_preset=\u00bbdefault\u00bb global_colors_info=\u00bb{}\u00bb][et_pb_image src=\u00bbhttps:\/\/dr-gmelin.com\/wp-content\/uploads\/2021\/10\/dentist-examining-female-s-teeth-in-dentistry-2021-08-28-19-23-25-utc-1.jpg\u00bb title_text=\u00bbdentist-examining-female-s-teeth-in-dentistry-2021-08-28-19-23-25-utc (1)\u00bb _builder_version=\u00bb4.11.0&#8243; _module_preset=\u00bbdefault\u00bb global_colors_info=\u00bb{}\u00bb][\/et_pb_image][et_pb_button button_url=\u00bbhttps:\/\/www.centromedicoportopi.es\/es\/especialidad\/odontologia\/\u00bb url_new_window=\u00bbon\u00bb button_text=\u00bbOdontolog\u00eda \u00bb _builder_version=\u00bb4.13.0&#8243; _module_preset=\u00bbdefault\u00bb custom_button=\u00bbon\u00bb button_text_size=\u00bb20px\u00bb button_text_color=\u00bb#FFFFFF\u00bb button_bg_color=\u00bb#000000&#8243; button_border_width=\u00bb0px\u00bb button_border_color=\u00bbRGBA(0,0,0,0)\u00bb button_font=\u00bbRoboto|700|||||||\u00bb button_use_icon=\u00bboff\u00bb global_colors_info=\u00bb{}\u00bb button_border_width__hover_enabled=\u00bbon|hover\u00bb button_border_color__hover_enabled=\u00bbon|hover\u00bb button_border_color__hover=\u00bbRGBA(0,0,0,0)\u00bb button_bg_color__hover_enabled=\u00bbon|hover\u00bb button_bg_color__hover=\u00bbRGBA(0,0,0,0)\u00bb button_bg_enable_color__hover=\u00bbon\u00bb button_border_width__hover=\u00bb0px\u00bb][\/et_pb_button][\/et_pb_column][et_pb_column type=\u00bb1_4&#8243; module_class=\u00bbpa-button-over-image\u00bb _builder_version=\u00bb4.11.0&#8243; _module_preset=\u00bbdefault\u00bb global_colors_info=\u00bb{}\u00bb][et_pb_image src=\u00bbhttps:\/\/dr-gmelin.com\/wp-content\/uploads\/2021\/10\/cropped-view-of-dermatologist-examining-skin-of-pa-2021-08-31-02-07-59-utc-1.jpg\u00bb title_text=\u00bbcropped-view-of-dermatologist-examining-skin-of-pa-2021-08-31-02-07-59-utc (1)\u00bb _builder_version=\u00bb4.11.0&#8243; _module_preset=\u00bbdefault\u00bb global_colors_info=\u00bb{}\u00bb][\/et_pb_image][et_pb_button button_url=\u00bbhttps:\/\/www.centromedicoportopi.es\/es\/especialidad\/dermatologo\/\u00bb url_new_window=\u00bbon\u00bb button_text=\u00bbDermatolog\u00eda \u00bb _builder_version=\u00bb4.13.0&#8243; _module_preset=\u00bbdefault\u00bb custom_button=\u00bbon\u00bb button_text_size=\u00bb20px\u00bb button_text_color=\u00bb#FFFFFF\u00bb button_bg_color=\u00bb#000000&#8243; button_border_width=\u00bb0px\u00bb button_border_color=\u00bbRGBA(0,0,0,0)\u00bb button_font=\u00bbRoboto|700|||||||\u00bb button_use_icon=\u00bboff\u00bb global_colors_info=\u00bb{}\u00bb button_border_width__hover_enabled=\u00bbon|hover\u00bb button_border_color__hover_enabled=\u00bbon|hover\u00bb button_border_color__hover=\u00bbRGBA(0,0,0,0)\u00bb button_bg_color__hover_enabled=\u00bbon|hover\u00bb button_bg_color__hover=\u00bbRGBA(0,0,0,0)\u00bb button_bg_enable_color__hover=\u00bbon\u00bb button_border_width__hover=\u00bb0px\u00bb][\/et_pb_button][\/et_pb_column][et_pb_column type=\u00bb1_4&#8243; module_class=\u00bbpa-button-over-image\u00bb _builder_version=\u00bb4.11.0&#8243; _module_preset=\u00bbdefault\u00bb global_colors_info=\u00bb{}\u00bb][et_pb_image src=\u00bbhttps:\/\/dr-gmelin.com\/wp-content\/uploads\/2021\/10\/endoscopic-examination-of-ent-organs-2021-09-24-04-28-22-utc-1.jpg\u00bb title_text=\u00bbendoscopic-examination-of-ent-organs-2021-09-24-04-28-22-utc (1)\u00bb _builder_version=\u00bb4.11.0&#8243; _module_preset=\u00bbdefault\u00bb global_colors_info=\u00bb{}\u00bb][\/et_pb_image][et_pb_button button_url=\u00bbhttps:\/\/www.centromedicoportopi.es\/es\/especialidad\/especialista-ent\/\u00bb url_new_window=\u00bbon\u00bb button_text=\u00bbORL \u00bb _builder_version=\u00bb4.13.0&#8243; _module_preset=\u00bbdefault\u00bb custom_button=\u00bbon\u00bb button_text_size=\u00bb20px\u00bb button_text_color=\u00bb#FFFFFF\u00bb button_bg_color=\u00bb#000000&#8243; button_border_width=\u00bb0px\u00bb button_border_color=\u00bbRGBA(0,0,0,0)\u00bb button_font=\u00bbRoboto|700|||||||\u00bb button_use_icon=\u00bboff\u00bb global_colors_info=\u00bb{}\u00bb button_border_width__hover_enabled=\u00bbon|hover\u00bb button_border_color__hover_enabled=\u00bbon|hover\u00bb button_border_color__hover=\u00bbRGBA(0,0,0,0)\u00bb button_bg_color__hover_enabled=\u00bbon|hover\u00bb button_bg_color__hover=\u00bbRGBA(0,0,0,0)\u00bb button_bg_enable_color__hover=\u00bbon\u00bb button_border_width__hover=\u00bb0px\u00bb][\/et_pb_button][\/et_pb_column][et_pb_column type=\u00bb1_4&#8243; module_class=\u00bbpa-button-over-image\u00bb _builder_version=\u00bb4.11.0&#8243; _module_preset=\u00bbdefault\u00bb global_colors_info=\u00bb{}\u00bb][et_pb_image src=\u00bbhttps:\/\/dr-gmelin.com\/wp-content\/uploads\/2021\/10\/mother-and-child-in-pediatric-office-2021-09-24-03-47-34-utc-1.jpg\u00bb title_text=\u00bbmother-and-child-in-pediatric-office-2021-09-24-03-47-34-utc (1)\u00bb _builder_version=\u00bb4.11.0&#8243; _module_preset=\u00bbdefault\u00bb global_colors_info=\u00bb{}\u00bb][\/et_pb_image][et_pb_button button_url=\u00bbhttps:\/\/www.centromedicoportopi.es\/es\/especialidad\/pediatra\/\u00bb url_new_window=\u00bbon\u00bb button_text=\u00bbPediatr\u00eda \u00bb _builder_version=\u00bb4.13.0&#8243; _module_preset=\u00bbdefault\u00bb custom_button=\u00bbon\u00bb button_text_size=\u00bb20px\u00bb button_text_color=\u00bb#FFFFFF\u00bb button_bg_color=\u00bb#000000&#8243; button_border_width=\u00bb0px\u00bb button_border_color=\u00bbRGBA(0,0,0,0)\u00bb button_font=\u00bbRoboto|700|||||||\u00bb button_use_icon=\u00bboff\u00bb global_colors_info=\u00bb{}\u00bb button_border_width__hover_enabled=\u00bbon|hover\u00bb button_border_color__hover_enabled=\u00bbon|hover\u00bb button_border_color__hover=\u00bbRGBA(0,0,0,0)\u00bb button_bg_color__hover_enabled=\u00bbon|hover\u00bb button_bg_color__hover=\u00bbRGBA(0,0,0,0)\u00bb button_bg_enable_color__hover=\u00bbon\u00bb button_border_width__hover=\u00bb0px\u00bb][\/et_pb_button][\/et_pb_column][\/et_pb_row][\/et_pb_section]<\/p>\n","protected":false},"excerpt":{"rendered":"<p>Informaci\u00f3nAqu\u00ed encontrar\u00e1 toda la informaci\u00f3n importante sobre nuestro centro m\u00e9dico y su visita con nosotrosEl Centro M\u00e9dico Porto Pi colabora con las siguientes compa\u00f1\u00edas de seguros de salud La facturaci\u00f3n del Centro M\u00e9dico Porto Pi se basa en la escala de tarifas alemana para m\u00e9dicos (GO\u00c4). Las siguientes compa\u00f1\u00edas de seguros le reembolsar\u00e1n los servicios [&hellip;]<\/p>\n","protected":false},"author":2,"featured_media":0,"parent":0,"menu_order":0,"comment_status":"closed","ping_status":"closed","template":"","meta":{"_et_pb_use_builder":"on","_et_pb_old_content":"","_et_gb_content_width":"","footnotes":""},"class_list":["post-1298","page","type-page","status-publish","hentry"],"_links":{"self":[{"href":"https:\/\/dr-gmelin.com\/es\/wp-json\/wp\/v2\/pages\/1298","targetHints":{"allow":["GET"]}}],"collection":[{"href":"https:\/\/dr-gmelin.com\/es\/wp-json\/wp\/v2\/pages"}],"about":[{"href":"https:\/\/dr-gmelin.com\/es\/wp-json\/wp\/v2\/types\/page"}],"author":[{"embeddable":true,"href":"https:\/\/dr-gmelin.com\/es\/wp-json\/wp\/v2\/users\/2"}],"replies":[{"embeddable":true,"href":"https:\/\/dr-gmelin.com\/es\/wp-json\/wp\/v2\/comments?post=1298"}],"version-history":[{"count":9,"href":"https:\/\/dr-gmelin.com\/es\/wp-json\/wp\/v2\/pages\/1298\/revisions"}],"predecessor-version":[{"id":2107,"href":"https:\/\/dr-gmelin.com\/es\/wp-json\/wp\/v2\/pages\/1298\/revisions\/2107"}],"wp:attachment":[{"href":"https:\/\/dr-gmelin.com\/es\/wp-json\/wp\/v2\/media?parent=1298"}],"curies":[{"name":"wp","href":"https:\/\/api.w.org\/{rel}","templated":true}]}}