{"id":1292,"date":"2021-11-24T13:27:07","date_gmt":"2021-11-24T12:27:07","guid":{"rendered":"https:\/\/dr-gmelin.com\/primera-consulta\/"},"modified":"2021-12-22T21:41:37","modified_gmt":"2021-12-22T20:41:37","slug":"primera-consulta","status":"publish","type":"page","link":"https:\/\/dr-gmelin.com\/es\/primera-consulta\/","title":{"rendered":"primera Consulta"},"content":{"rendered":"<p>[et_pb_section fb_built=\u00bb1&#8243; _builder_version=\u00bb4.11.0&#8243; _module_preset=\u00bbdefault\u00bb use_background_color_gradient=\u00bbon\u00bb background_color_gradient_start=\u00bbrgba(0,0,0,0.6)\u00bb background_color_gradient_end=\u00bbrgba(0,0,0,0.6)\u00bb background_color_gradient_overlays_image=\u00bbon\u00bb background_image=\u00bbhttps:\/\/dr-gmelin.com\/wp-content\/uploads\/2021\/10\/doctor-shaking-hands-with-older-patient-in-the-cli-3AKNC47-1.jpg\u00bb global_colors_info=\u00bb{}\u00bb][et_pb_row _builder_version=\u00bb4.13.0&#8243; _module_preset=\u00bbdefault\u00bb width=\u00bb60%\u00bb width_tablet=\u00bb80%\u00bb width_phone=\u00bb80%\u00bb width_last_edited=\u00bbon|tablet\u00bb custom_padding=\u00bb||0px||false|false\u00bb global_colors_info=\u00bb{}\u00bb][et_pb_column type=\u00bb4_4&#8243; _builder_version=\u00bb4.11.0&#8243; _module_preset=\u00bbdefault\u00bb global_colors_info=\u00bb{}\u00bb][et_pb_text _builder_version=\u00bb4.13.0&#8243; _module_preset=\u00bbdefault\u00bb header_font=\u00bbRoboto|||on|||||\u00bb header_text_align=\u00bbcenter\u00bb header_text_color=\u00bb#FFFFFF\u00bb header_font_size=\u00bb40px\u00bb header_line_height=\u00bb1.3em\u00bb custom_margin=\u00bb||0px||false|false\u00bb header_font_size_tablet=\u00bb40px\u00bb header_font_size_phone=\u00bb30px\u00bb header_font_size_last_edited=\u00bbon|phone\u00bb global_colors_info=\u00bb{}\u00bb]<\/p>\n<h1>PRIMERA CONSULTA <\/h1>\n<p>[\/et_pb_text][et_pb_text _builder_version=\u00bb4.13.0&#8243; _module_preset=\u00bbdefault\u00bb text_text_color=\u00bb#FFFFFF\u00bb text_font_size=\u00bb25px\u00bb text_line_height=\u00bb1.5em\u00bb text_orientation=\u00bbcenter\u00bb custom_padding=\u00bb||2vw||false|false\u00bb global_colors_info=\u00bb{}\u00bb]<\/p>\n<p>\u00bfBusca a un m\u00e9dico con el que se sienta en buenas manos? \u00a1Con nosotros est\u00e1 <strong>en las mejores manos!<\/strong><\/p>\n<p>[\/et_pb_text][\/et_pb_column][\/et_pb_row][et_pb_row _builder_version=\u00bb4.13.0&#8243; _module_preset=\u00bbdefault\u00bb global_colors_info=\u00bb{}\u00bb][et_pb_column type=\u00bb4_4&#8243; _builder_version=\u00bb4.13.0&#8243; _module_preset=\u00bbdefault\u00bb custom_css_main_element=\u00bbdisplay: flex;||justify-content: center;\u00bb global_colors_info=\u00bb{}\u00bb custom_css_main_element_last_edited=\u00bbon|phone\u00bb custom_css_main_element_phone=\u00bbdisplay: block;\u00bb custom_css_main_element_tablet=\u00bbdisplay: flex;||justify-content: center;\u00bb][et_pb_button button_url=\u00bb#cita\u00bb button_text=\u00bb\u00a1Pide cita aqu\u00ed! \u00bb button_alignment_tablet=\u00bb\u00bb button_alignment_phone=\u00bbcenter\u00bb button_alignment_last_edited=\u00bbon|phone\u00bb _builder_version=\u00bb4.13.0&#8243; _module_preset=\u00bbdefault\u00bb custom_button=\u00bbon\u00bb button_text_size=\u00bb20px\u00bb button_font=\u00bbRoboto||||||||\u00bb custom_margin=\u00bb|1vw|||false|false\u00bb animation_style=\u00bbbounce\u00bb global_colors_info=\u00bb{}\u00bb][\/et_pb_button][et_pb_button button_url=\u00bb#primera-cita\u00bb button_text=\u00bbM\u00e1s Informaci\u00f3n\u00bb button_alignment_tablet=\u00bb\u00bb button_alignment_phone=\u00bbcenter\u00bb button_alignment_last_edited=\u00bbon|phone\u00bb _builder_version=\u00bb4.13.0&#8243; _module_preset=\u00bbdefault\u00bb custom_button=\u00bbon\u00bb button_text_size=\u00bb20px\u00bb button_text_color=\u00bb#E20512&#8243; button_bg_color=\u00bb#FFFFFF\u00bb button_border_color=\u00bb#FFFFFF\u00bb button_font=\u00bbRoboto||||||||\u00bb global_colors_info=\u00bb{}\u00bb button_border_color__hover_enabled=\u00bbon|hover\u00bb button_border_color__hover=\u00bb#FFFFFF\u00bb][\/et_pb_button][\/et_pb_column][\/et_pb_row][\/et_pb_section][et_pb_section fb_built=\u00bb1&#8243; module_id=\u00bbprimera-cita\u00bb _builder_version=\u00bb4.13.0&#8243; _module_preset=\u00bbdefault\u00bb global_colors_info=\u00bb{}\u00bb][et_pb_row column_structure=\u00bb1_2,1_2&#8243; module_id=\u00bberster-besuch\u00bb _builder_version=\u00bb4.11.0&#8243; _module_preset=\u00bbdefault\u00bb custom_margin=\u00bb||4vw||false|false\u00bb custom_padding=\u00bb||||false|false\u00bb global_colors_info=\u00bb{}\u00bb][et_pb_column type=\u00bb1_2&#8243; _builder_version=\u00bb4.11.0&#8243; _module_preset=\u00bbdefault\u00bb global_colors_info=\u00bb{}\u00bb][et_pb_text _builder_version=\u00bb4.13.0&#8243; _module_preset=\u00bbdefault\u00bb text_font=\u00bbRoboto||||||||\u00bb text_text_color=\u00bb#000000&#8243; text_font_size=\u00bb23px\u00bb text_line_height=\u00bb1.3em\u00bb global_colors_info=\u00bb{}\u00bb]As\u00ed ser\u00e1 su primera visita en nuestra consulta:[\/et_pb_text][et_pb_text _builder_version=\u00bb4.13.0&#8243; _module_preset=\u00bbdefault\u00bb text_font_size=\u00bb17px\u00bb text_line_height=\u00bb1.6em\u00bb global_colors_info=\u00bb{}\u00bb]<\/p>\n<p>Cuando acude a la consulta por primera vez, le daremos un <strong>cuestionario sobre sus molestias actuales as\u00ed como sus antecedentes m\u00e9dicos<\/strong>. Por su propio inter\u00e9s rogamos lo rellene de la forma m\u00e1s detallada posible, ya que cuanto m\u00e1s sabe su m\u00e9dico sobre sus s\u00edntomas y antecedentes, mejor le puede asesorar y tratar.<\/p>\n<p><strong>En el cuestionario se le solicitar\u00e1 la siguiente informaci\u00f3n:<\/strong><\/p>\n<p>[\/et_pb_text][\/et_pb_column][et_pb_column type=\u00bb1_2&#8243; _builder_version=\u00bb4.11.0&#8243; _module_preset=\u00bbdefault\u00bb global_colors_info=\u00bb{}\u00bb][et_pb_image src=\u00bbhttps:\/\/dr-gmelin.com\/wp-content\/uploads\/2021\/10\/closeup-older-patient-filling-medical-heath-data-f-MCVPMUL-1.jpg\u00bb title_text=\u00bbcloseup-older-patient-filling-medical-heath-data-f-MCVPMUL (1)\u00bb _builder_version=\u00bb4.11.0&#8243; _module_preset=\u00bbdefault\u00bb scroll_vertical_motion_enable=\u00bbon\u00bb scroll_vertical_motion=\u00bb0|50|50|100|0.5|0|0&#8243; global_colors_info=\u00bb{}\u00bb][\/et_pb_image][\/et_pb_column][\/et_pb_row][et_pb_row column_structure=\u00bb1_2,1_2&#8243; _builder_version=\u00bb4.11.0&#8243; _module_preset=\u00bbdefault\u00bb background_color=\u00bb#f4f4f4&#8243; custom_padding=\u00bb2vw|2vw|2vw|2vw|false|true\u00bb global_colors_info=\u00bb{}\u00bb][et_pb_column type=\u00bb1_2&#8243; _builder_version=\u00bb4.11.0&#8243; _module_preset=\u00bbdefault\u00bb global_colors_info=\u00bb{}\u00bb][et_pb_blurb title=\u00bbMotivo de su consulta: \u00bfCu\u00e1les son sus molestias actuales? \u00bb use_icon=\u00bbon\u00bb font_icon=\u00bb&#x5e;||divi||400&#8243; icon_color=\u00bb#E20512&#8243; icon_placement=\u00bbleft\u00bb image_icon_width=\u00bb20px\u00bb _builder_version=\u00bb4.13.0&#8243; _module_preset=\u00bbdefault\u00bb header_font_size=\u00bb18px\u00bb header_line_height=\u00bb1.3em\u00bb custom_margin=\u00bb||2%||false|false\u00bb custom_css_blurb_title=\u00bbmargin-left: -15px;\u00bb icon_font_size=\u00bb20px\u00bb global_colors_info=\u00bb{}\u00bb][\/et_pb_blurb][et_pb_blurb title=\u00bb\u00bfC\u00faanto tiempo lleva con estas molestias? \u00bb use_icon=\u00bbon\u00bb font_icon=\u00bb&#x5e;||divi||400&#8243; icon_color=\u00bb#E20512&#8243; icon_placement=\u00bbleft\u00bb image_icon_width=\u00bb20px\u00bb _builder_version=\u00bb4.13.0&#8243; _module_preset=\u00bbdefault\u00bb header_font_size=\u00bb18px\u00bb header_line_height=\u00bb1.3em\u00bb custom_margin=\u00bb||2%||false|false\u00bb custom_css_blurb_title=\u00bbmargin-left: -15px;\u00bb icon_font_size=\u00bb20px\u00bb global_colors_info=\u00bb{}\u00bb][\/et_pb_blurb][et_pb_blurb title=\u00bb\u00bfHa observado alg\u00fan desencadenante o alguna causa de sus molestias? \u00bb use_icon=\u00bbon\u00bb font_icon=\u00bb&#x5e;||divi||400&#8243; icon_color=\u00bb#E20512&#8243; icon_placement=\u00bbleft\u00bb image_icon_width=\u00bb20px\u00bb _builder_version=\u00bb4.13.0&#8243; _module_preset=\u00bbdefault\u00bb header_font_size=\u00bb18px\u00bb header_line_height=\u00bb1.3em\u00bb custom_margin=\u00bb||2%||false|false\u00bb custom_css_blurb_title=\u00bbmargin-left: -15px;\u00bb icon_font_size=\u00bb20px\u00bb global_colors_info=\u00bb{}\u00bb][\/et_pb_blurb][et_pb_blurb title=\u00bb\u00bfCu\u00e1nto tiempo duran sus molestias (durante segundos\/d\u00edas\/continuamente)?\u00bb use_icon=\u00bbon\u00bb font_icon=\u00bb&#x5e;||divi||400&#8243; icon_color=\u00bb#E20512&#8243; icon_placement=\u00bbleft\u00bb image_icon_width=\u00bb20px\u00bb _builder_version=\u00bb4.13.0&#8243; _module_preset=\u00bbdefault\u00bb header_font_size=\u00bb18px\u00bb header_line_height=\u00bb1.3em\u00bb custom_margin=\u00bb||2%||false|false\u00bb custom_css_blurb_title=\u00bbmargin-left: -15px;\u00bb icon_font_size=\u00bb20px\u00bb global_colors_info=\u00bb{}\u00bb][\/et_pb_blurb][et_pb_blurb title=\u00bb\u00bfTiene Ud. antecedentes m\u00e9dicos, por ejemplo: hipertensi\u00f3n arterial, diabetes mellitus, enfermedade card\u00edaca o circulatoria, pulmonar, tiroidea, hep\u00e1tica, renal, etc.? \u00bb use_icon=\u00bbon\u00bb font_icon=\u00bb&#x5e;||divi||400&#8243; icon_color=\u00bb#E20512&#8243; icon_placement=\u00bbleft\u00bb image_icon_width=\u00bb20px\u00bb _builder_version=\u00bb4.13.0&#8243; _module_preset=\u00bbdefault\u00bb header_font_size=\u00bb18px\u00bb header_line_height=\u00bb1.3em\u00bb custom_margin=\u00bb||2%||false|false\u00bb custom_css_blurb_title=\u00bbmargin-left: -15px;\u00bb icon_font_size=\u00bb20px\u00bb global_colors_info=\u00bb{}\u00bb][\/et_pb_blurb][\/et_pb_column][et_pb_column type=\u00bb1_2&#8243; _builder_version=\u00bb4.11.0&#8243; _module_preset=\u00bbdefault\u00bb global_colors_info=\u00bb{}\u00bb][et_pb_blurb title=\u00bb\u00bfHa sido intervenido\/a quir\u00fargicamente? En caso afirmativo, \u00bfpor qu\u00e9 y cu\u00e1ndo? \u00bb use_icon=\u00bbon\u00bb font_icon=\u00bb&#x5e;||divi||400&#8243; icon_color=\u00bb#E20512&#8243; icon_placement=\u00bbleft\u00bb image_icon_width=\u00bb20px\u00bb _builder_version=\u00bb4.13.0&#8243; _module_preset=\u00bbdefault\u00bb header_font_size=\u00bb18px\u00bb header_line_height=\u00bb1.3em\u00bb custom_margin=\u00bb||2%||false|false\u00bb custom_css_blurb_title=\u00bbmargin-left: -15px;\u00bb icon_font_size=\u00bb20px\u00bb global_colors_info=\u00bb{}\u00bb][\/et_pb_blurb][et_pb_blurb title=\u00bb\u00bfFuma Ud. o ha fumado en el pasado? \u00bfCu\u00e1nto alcohol suele tomar? \u00bb use_icon=\u00bbon\u00bb font_icon=\u00bb&#x5e;||divi||400&#8243; icon_color=\u00bb#E20512&#8243; icon_placement=\u00bbleft\u00bb image_icon_width=\u00bb20px\u00bb _builder_version=\u00bb4.13.0&#8243; _module_preset=\u00bbdefault\u00bb header_font_size=\u00bb18px\u00bb header_line_height=\u00bb1.3em\u00bb custom_margin=\u00bb||2%||false|false\u00bb custom_css_blurb_title=\u00bbmargin-left: -15px;\u00bb icon_font_size=\u00bb20px\u00bb global_colors_info=\u00bb{}\u00bb][\/et_pb_blurb][et_pb_blurb title=\u00bb\u00bfTiene alergias? Si es as\u00ed, \u00bfa qu\u00e9 medicaci\u00f3n, antibi\u00f3ticos, penicilina o medio de contraste? \u00bb use_icon=\u00bbon\u00bb font_icon=\u00bb&#x5e;||divi||400&#8243; icon_color=\u00bb#E20512&#8243; icon_placement=\u00bbleft\u00bb image_icon_width=\u00bb20px\u00bb _builder_version=\u00bb4.13.0&#8243; _module_preset=\u00bbdefault\u00bb header_font_size=\u00bb18px\u00bb header_line_height=\u00bb1.3em\u00bb custom_margin=\u00bb||2%||false|false\u00bb custom_css_blurb_title=\u00bbmargin-left: -15px;\u00bb icon_font_size=\u00bb20px\u00bb global_colors_info=\u00bb{}\u00bb][\/et_pb_blurb][et_pb_blurb title=\u00bb\u00bfQu\u00e9 medicamentos toma habitualmente? Por favor, \u00a1traiga una lista de todos sus medicamentos, la dosis y pauta! \u00bb use_icon=\u00bbon\u00bb font_icon=\u00bb&#x5e;||divi||400&#8243; icon_color=\u00bb#E20512&#8243; icon_placement=\u00bbleft\u00bb image_icon_width=\u00bb20px\u00bb _builder_version=\u00bb4.13.0&#8243; _module_preset=\u00bbdefault\u00bb header_font_size=\u00bb18px\u00bb header_line_height=\u00bb1.3em\u00bb custom_margin=\u00bb||2%||false|false\u00bb custom_css_blurb_title=\u00bbmargin-left: -15px;\u00bb icon_font_size=\u00bb20px\u00bb global_colors_info=\u00bb{}\u00bb][\/et_pb_blurb][et_pb_blurb title=\u00bb\u00bfExisten antecedentes familiares de enfermedades cardiovasculares como infartos de miocardio, ictus, trombosis \/ tromboembolismo pulmonar, c\u00e1ncer, etc.? \u00bb use_icon=\u00bbon\u00bb font_icon=\u00bb&#x5e;||divi||400&#8243; icon_color=\u00bb#E20512&#8243; icon_placement=\u00bbleft\u00bb image_icon_width=\u00bb20px\u00bb _builder_version=\u00bb4.13.0&#8243; _module_preset=\u00bbdefault\u00bb header_font_size=\u00bb18px\u00bb header_line_height=\u00bb1.3em\u00bb custom_margin=\u00bb||2%||false|false\u00bb custom_css_blurb_title=\u00bbmargin-left: -15px;\u00bb icon_font_size=\u00bb20px\u00bb global_colors_info=\u00bb{}\u00bb][\/et_pb_blurb][\/et_pb_column][\/et_pb_row][et_pb_row _builder_version=\u00bb4.11.0&#8243; _module_preset=\u00bbdefault\u00bb custom_margin=\u00bb2vw||||false|false\u00bb global_colors_info=\u00bb{}\u00bb][et_pb_column type=\u00bb4_4&#8243; _builder_version=\u00bb4.11.0&#8243; _module_preset=\u00bbdefault\u00bb global_colors_info=\u00bb{}\u00bb][et_pb_text _builder_version=\u00bb4.13.0&#8243; _module_preset=\u00bbdefault\u00bb text_font_size=\u00bb17px\u00bb text_line_height=\u00bb1.6em\u00bb text_orientation=\u00bbcenter\u00bb global_colors_info=\u00bb{}\u00bb]<\/p>\n<p>Al acudir a su cita, rogamos<strong> traiga sus resultados cl\u00ednicos previos<\/strong>, si procede: por ejemplo informes m\u00e9dicos, radiol\u00f3gicos, anal\u00edticas, notas de su tensi\u00f3n arterial y glucemia, su carnet de vacunaci\u00f3n etc.,\u202f<strong>sus medicamentos\u202fo\u202funa lista de su medicaci\u00f3n habitual.\u202f<\/strong><\/p>\n<p>Rogamos <strong>nos avise con 48 horas de antelaci\u00f3n<\/strong> en caso de no poder acudir a la cita.<\/p>\n<p>[\/et_pb_text][et_pb_button button_url=\u00bb#cita\u00bb button_text=\u00bb\u00a1Pide una primera cita con el Dr. Christian Gmelin aqu\u00ed! \u00bb button_alignment=\u00bbcenter\u00bb _builder_version=\u00bb4.13.0&#8243; _module_preset=\u00bbdefault\u00bb custom_button=\u00bbon\u00bb button_text_size=\u00bb20px\u00bb button_letter_spacing=\u00bb1px\u00bb button_font=\u00bbRoboto||||||||\u00bb global_colors_info=\u00bb{}\u00bb][\/et_pb_button][\/et_pb_column][\/et_pb_row][et_pb_row _builder_version=\u00bb4.11.0&#8243; _module_preset=\u00bbdefault\u00bb global_colors_info=\u00bb{}\u00bb][et_pb_column type=\u00bb4_4&#8243; _builder_version=\u00bb4.11.0&#8243; _module_preset=\u00bbdefault\u00bb global_colors_info=\u00bb{}\u00bb][\/et_pb_column][\/et_pb_row][\/et_pb_section]<\/p>\n","protected":false},"excerpt":{"rendered":"<p>PRIMERA CONSULTA \u00bfBusca a un m\u00e9dico con el que se sienta en buenas manos? \u00a1Con nosotros est\u00e1 en las mejores manos!As\u00ed ser\u00e1 su primera visita en nuestra consulta:Cuando acude a la consulta por primera vez, le daremos un cuestionario sobre sus molestias actuales as\u00ed como sus antecedentes m\u00e9dicos. Por su propio inter\u00e9s rogamos lo rellene [&hellip;]<\/p>\n","protected":false},"author":2,"featured_media":0,"parent":0,"menu_order":0,"comment_status":"closed","ping_status":"closed","template":"","meta":{"_et_pb_use_builder":"on","_et_pb_old_content":"","_et_gb_content_width":"","footnotes":""},"class_list":["post-1292","page","type-page","status-publish","hentry"],"_links":{"self":[{"href":"https:\/\/dr-gmelin.com\/es\/wp-json\/wp\/v2\/pages\/1292","targetHints":{"allow":["GET"]}}],"collection":[{"href":"https:\/\/dr-gmelin.com\/es\/wp-json\/wp\/v2\/pages"}],"about":[{"href":"https:\/\/dr-gmelin.com\/es\/wp-json\/wp\/v2\/types\/page"}],"author":[{"embeddable":true,"href":"https:\/\/dr-gmelin.com\/es\/wp-json\/wp\/v2\/users\/2"}],"replies":[{"embeddable":true,"href":"https:\/\/dr-gmelin.com\/es\/wp-json\/wp\/v2\/comments?post=1292"}],"version-history":[{"count":6,"href":"https:\/\/dr-gmelin.com\/es\/wp-json\/wp\/v2\/pages\/1292\/revisions"}],"predecessor-version":[{"id":2106,"href":"https:\/\/dr-gmelin.com\/es\/wp-json\/wp\/v2\/pages\/1292\/revisions\/2106"}],"wp:attachment":[{"href":"https:\/\/dr-gmelin.com\/es\/wp-json\/wp\/v2\/media?parent=1292"}],"curies":[{"name":"wp","href":"https:\/\/api.w.org\/{rel}","templated":true}]}}