{"id":1289,"date":"2021-11-24T11:01:36","date_gmt":"2021-11-24T10:01:36","guid":{"rendered":"https:\/\/dr-gmelin.com\/dr-gmelin\/"},"modified":"2021-12-22T21:30:33","modified_gmt":"2021-12-22T20:30:33","slug":"dr-gmelin","status":"publish","type":"page","link":"https:\/\/dr-gmelin.com\/es\/dr-gmelin\/","title":{"rendered":"Dr. Gmelin"},"content":{"rendered":"<p>[et_pb_section fb_built=\u00bb1&#8243; _builder_version=\u00bb4.11.0&#8243; _module_preset=\u00bbdefault\u00bb custom_padding=\u00bb||0px||false|false\u00bb box_shadow_style=\u00bbpreset7&#8243; box_shadow_horizontal=\u00bb30vw\u00bb box_shadow_vertical=\u00bb0px\u00bb box_shadow_color=\u00bb#f4f4f4&#8243; global_colors_info=\u00bb{}\u00bb][et_pb_row column_structure=\u00bb1_2,1_2&#8243; use_custom_gutter=\u00bbon\u00bb gutter_width=\u00bb2&#8243; _builder_version=\u00bb4.11.0&#8243; _module_preset=\u00bbdefault\u00bb custom_padding=\u00bb||0px||false|false\u00bb global_colors_info=\u00bb{}\u00bb][et_pb_column type=\u00bb1_2&#8243; _builder_version=\u00bb4.11.0&#8243; _module_preset=\u00bbdefault\u00bb global_colors_info=\u00bb{}\u00bb][et_pb_image src=\u00bbhttps:\/\/dr-gmelin.com\/wp-content\/uploads\/2021\/10\/deutschsprachiger-Internist-auf-Mallorca-Dr-Gmelin.jpg\u00bb alt=\u00bbdeutschsprachiger Internist auf Mallorca Dr Gmelin\u00bb title_text=\u00bbdeutschsprachiger Internist auf Mallorca Dr Gmelin\u00bb _builder_version=\u00bb4.11.0&#8243; _module_preset=\u00bbdefault\u00bb global_colors_info=\u00bb{}\u00bb][\/et_pb_image][\/et_pb_column][et_pb_column type=\u00bb1_2&#8243; _builder_version=\u00bb4.11.0&#8243; _module_preset=\u00bbdefault\u00bb global_colors_info=\u00bb{}\u00bb][et_pb_text _builder_version=\u00bb4.13.0&#8243; _module_preset=\u00bbdefault\u00bb header_font=\u00bbRoboto|700||on|||||\u00bb header_font_size=\u00bb20px\u00bb header_line_height=\u00bb1.3em\u00bb header_2_font=\u00bbRoboto|900|||||||\u00bb header_2_text_color=\u00bb#E20512&#8243; header_2_font_size=\u00bb40px\u00bb header_2_letter_spacing=\u00bb1px\u00bb header_font_size_tablet=\u00bb20px\u00bb header_font_size_phone=\u00bb20px\u00bb header_font_size_last_edited=\u00bbon|phone\u00bb header_2_font_size_tablet=\u00bb40px\u00bb header_2_font_size_phone=\u00bb35px\u00bb header_2_font_size_last_edited=\u00bbon|phone\u00bb global_colors_info=\u00bb{}\u00bb]<\/p>\n<h2>Dr. Christian Gmelin<\/h2>\n<h1>SU ESPECIALISTA EN MEDICINA INTERNA EN MALLORCA <\/h1>\n<p>[\/et_pb_text][et_pb_text _builder_version=\u00bb4.13.0&#8243; _module_preset=\u00bbdefault\u00bb text_font_size=\u00bb17px\u00bb text_line_height=\u00bb1.6em\u00bb global_colors_info=\u00bb{}\u00bb]El Dr. Christian E. Gmelin, nacido en 1977, estudi\u00f3 medicina en Alemania (Erlangen) y Espa\u00f1a (C\u00f3rdoba y Santiago de Compostela). Como parte de su formaci\u00f3n, tambi\u00e9n trabaj\u00f3 en el Hospital Universitario Charit\u00e9 de Berl\u00edn, en el Hospital Universitario de Heidelberg (hematolog\u00eda y oncolog\u00eda) y en una consulta de gastroenterolog\u00eda en Hamburgo. Se gradu\u00f3 de la facultad de medicina en 2005 con las mejores calificaciones. <\/p>\n<p>Complet\u00f3 su formaci\u00f3n especializada (residencia) 2005-2012 en el Hospital de Fuerth, hospital docente de la Universidad de Erlangen-Nuremberg en Alemania. All\u00ed trabaj\u00f3 durante siete a\u00f1os en el departamento de cardiolog\u00eda y neumolog\u00eda, as\u00ed como en gastroenterolog\u00eda, rehabilitaci\u00f3n, di\u00e1lisis, el departamento de ecograf\u00edas, urgencias y la unidad de cuidados intensivos. Adem\u00e1s, actu\u00f3 como representante y portavoz de los m\u00e9dicos cardi\u00f3logos y neum\u00f3logos del hospital. En 2009, tambi\u00e9n obtuvo la certificaci\u00f3n para trabajar como m\u00e9dico de emergencias. <\/p>\n<p>Desde 2012, el Dr. Gmelin ha trabajado como m\u00e9dico en Mallorca, primero en la Cl\u00ednica Juaneda en Palma de Mallorca, donde atendi\u00f3 a pacientes nacionales e internacionales de medicina interna y traumatolog\u00eda. Tambi\u00e9n trabaj\u00f3 en las consultas externas de la Cl\u00ednica Juaneda y del Juaneda International Medical Center. De 2014 a 2021 form\u00f3 parte del equipo m\u00e9dico de la Cl\u00ednica Picasso en Palma, como internista. <\/p>\n<p>Desde diciembre 2021 dispone de su propia consulta externa en el Centro M\u00e9dico Porto Pi en Palma, tratando a pacientes con enfermedades agudas o cr\u00f3nicas y ofreciendo chequeos preventivos de salud. [\/et_pb_text][et_pb_button button_url=\u00bb#cita\u00bb button_text=\u00bb\u00a1Pide cita aqu\u00ed!\u00bb _builder_version=\u00bb4.13.0&#8243; _module_preset=\u00bbdefault\u00bb custom_button=\u00bbon\u00bb button_text_size=\u00bb20px\u00bb button_font=\u00bbRoboto||||||||\u00bb custom_margin=\u00bb|1vw|||false|false\u00bb animation_style=\u00bbbounce\u00bb global_colors_info=\u00bb{}\u00bb][\/et_pb_button][\/et_pb_column][\/et_pb_row][et_pb_row column_structure=\u00bb1_2,1_2&#8243; _builder_version=\u00bb4.13.0&#8243; _module_preset=\u00bbdefault\u00bb custom_margin=\u00bb||||false|false\u00bb custom_margin_tablet=\u00bb20vw||||false|false\u00bb custom_margin_phone=\u00bb20vw||||false|false\u00bb custom_margin_last_edited=\u00bbon|tablet\u00bb global_colors_info=\u00bb{}\u00bb][et_pb_column type=\u00bb1_2&#8243; _builder_version=\u00bb4.11.0&#8243; _module_preset=\u00bbdefault\u00bb background_color=\u00bb#FFFFFF\u00bb custom_padding=\u00bb2vw||2vw|2vw|true|false\u00bb custom_css_main_element=\u00bbmargin-top: -17vw;\u00bb global_colors_info=\u00bb{}\u00bb][et_pb_social_media_follow _builder_version=\u00bb4.11.0&#8243; _module_preset=\u00bbdefault\u00bb global_colors_info=\u00bb{}\u00bb][et_pb_social_media_follow_network social_network=\u00bbinstagram\u00bb url=\u00bbhttps:\/\/www.instagram.com\/dr.gmelin\/\u00bb _builder_version=\u00bb4.11.0&#8243; _module_preset=\u00bbdefault\u00bb background_color=\u00bb#E20512&#8243; background_enable_color=\u00bbon\u00bb global_colors_info=\u00bb{}\u00bb follow_button=\u00bboff\u00bb url_new_window=\u00bbon\u00bb]instagram[\/et_pb_social_media_follow_network][et_pb_social_media_follow_network social_network=\u00bbyoutube\u00bb url=\u00bbhttps:\/\/www.youtube.com\/watch?v=MX-Z8WDlH4U&#038;list=PLytyeU-WuFAxT8cduM70wA2Z_qEnLnjM-\u00bb _builder_version=\u00bb4.11.0&#8243; _module_preset=\u00bbdefault\u00bb background_color=\u00bb#E20512&#8243; background_enable_color=\u00bbon\u00bb global_colors_info=\u00bb{}\u00bb follow_button=\u00bboff\u00bb url_new_window=\u00bbon\u00bb]youtube[\/et_pb_social_media_follow_network][et_pb_social_media_follow_network social_network=\u00bblinkedin\u00bb url=\u00bbhttps:\/\/es.linkedin.com\/in\/dr-christian-gmelin\/en\u00bb _builder_version=\u00bb4.11.0&#8243; _module_preset=\u00bbdefault\u00bb background_color=\u00bb#E20512&#8243; background_enable_color=\u00bbon\u00bb global_colors_info=\u00bb{}\u00bb follow_button=\u00bboff\u00bb url_new_window=\u00bbon\u00bb]linkedin[\/et_pb_social_media_follow_network][\/et_pb_social_media_follow][et_pb_blurb title=\u00bbCentro M\u00e9dico Porto Pi\t\u00bb url=\u00bbhttps:\/\/g.page\/CentroMedicoPortoPi?share\u00bb url_new_window=\u00bbon\u00bb use_icon=\u00bbon\u00bb font_icon=\u00bb&#xe081;||divi||400&#8243; icon_color=\u00bb#000000&#8243; icon_placement=\u00bbleft\u00bb image_icon_width=\u00bb25px\u00bb content_max_width=\u00bb100%\u00bb _builder_version=\u00bb4.13.0&#8243; _module_preset=\u00bbdefault\u00bb header_font=\u00bbRoboto||||||||\u00bb custom_margin=\u00bb||2%||false|false\u00bb link_option_url=\u00bbhttps:\/\/g.page\/CentroMedicoPortoPi?share\u00bb link_option_url_new_window=\u00bbon\u00bb icon_font_size=\u00bb25px\u00bb global_colors_info=\u00bb{}\u00bb]<\/p>\n<p>(Edificio del Consulado Alem\u00e1n)<br \/>Porto Pi, 8, 1a<br \/>E-07015 Palma de Mallorca<\/p>\n<p>[\/et_pb_blurb][et_pb_blurb title=\u00bbHorario\u00bb url_new_window=\u00bbon\u00bb use_icon=\u00bbon\u00bb font_icon=\u00bb&#xe06b;||divi||400&#8243; icon_color=\u00bb#000000&#8243; icon_placement=\u00bbleft\u00bb image_icon_width=\u00bb25px\u00bb content_max_width=\u00bb100%\u00bb _builder_version=\u00bb4.13.0&#8243; _module_preset=\u00bbdefault\u00bb header_font=\u00bbRoboto||||||||\u00bb custom_margin=\u00bb||2%||false|false\u00bb link_option_url_new_window=\u00bbon\u00bb icon_font_size=\u00bb25px\u00bb global_colors_info=\u00bb{}\u00bb]<\/p>\n<p>De Lunes a Viernes:<br \/>09 &#8211; 17 horas<br \/>Con cita pevia<\/p>\n<p>[\/et_pb_blurb][et_pb_blurb title=\u00bb(+34) 971 70 70 55&#8243; url=\u00bbtel:0034971707055&#8243; use_icon=\u00bbon\u00bb font_icon=\u00bb&#xe090;||divi||400&#8243; icon_color=\u00bb#000000&#8243; icon_placement=\u00bbleft\u00bb image_icon_width=\u00bb25px\u00bb content_max_width=\u00bb100%\u00bb _builder_version=\u00bb4.13.0&#8243; _module_preset=\u00bbdefault\u00bb header_font=\u00bbRoboto||||||||\u00bb custom_margin=\u00bb||2%||false|false\u00bb link_option_url=\u00bbtel:0034971707055&#8243; icon_font_size=\u00bb25px\u00bb global_colors_info=\u00bb{}\u00bb][\/et_pb_blurb][et_pb_blurb title=\u00bb(+34) 971 70 70 56&#8243; url=\u00bbfax:0034971707056&#8243; use_icon=\u00bbon\u00bb font_icon=\u00bb&#xe0fa;||divi||400&#8243; icon_color=\u00bb#000000&#8243; icon_placement=\u00bbleft\u00bb image_icon_width=\u00bb25px\u00bb content_max_width=\u00bb100%\u00bb _builder_version=\u00bb4.13.0&#8243; _module_preset=\u00bbdefault\u00bb header_font=\u00bbRoboto||||||||\u00bb custom_margin=\u00bb||2%||false|false\u00bb link_option_url=\u00bbfax:0034971707056&#8243; icon_font_size=\u00bb25px\u00bb global_colors_info=\u00bb{}\u00bb][\/et_pb_blurb][et_pb_blurb title=\u00bbinfo@dr-gmelin.com\u00bb url=\u00bbmailto:info@dr-gmelin.com\u00bb use_icon=\u00bbon\u00bb font_icon=\u00bb&#xe076;||divi||400&#8243; icon_color=\u00bb#000000&#8243; icon_placement=\u00bbleft\u00bb image_icon_width=\u00bb25px\u00bb content_max_width=\u00bb100%\u00bb _builder_version=\u00bb4.13.0&#8243; _module_preset=\u00bbdefault\u00bb header_font=\u00bbRoboto||||||||\u00bb link_option_url=\u00bbmailto:info@dr-gmelin.com\u00bb icon_font_size=\u00bb25px\u00bb global_colors_info=\u00bb{}\u00bb][\/et_pb_blurb][\/et_pb_column][et_pb_column type=\u00bb1_2&#8243; _builder_version=\u00bb4.11.0&#8243; _module_preset=\u00bbdefault\u00bb global_colors_info=\u00bb{}\u00bb][\/et_pb_column][\/et_pb_row][\/et_pb_section][et_pb_section fb_built=\u00bb1&#8243; _builder_version=\u00bb4.11.0&#8243; _module_preset=\u00bbdefault\u00bb global_colors_info=\u00bb{}\u00bb][\/et_pb_section]<\/p>\n","protected":false},"excerpt":{"rendered":"<p>Dr. Christian Gmelin SU ESPECIALISTA EN MEDICINA INTERNA EN MALLORCA El Dr. Christian E. Gmelin, nacido en 1977, estudi\u00f3 medicina en Alemania (Erlangen) y Espa\u00f1a (C\u00f3rdoba y Santiago de Compostela). Como parte de su formaci\u00f3n, tambi\u00e9n trabaj\u00f3 en el Hospital Universitario Charit\u00e9 de Berl\u00edn, en el Hospital Universitario de Heidelberg (hematolog\u00eda y oncolog\u00eda) y en [&hellip;]<\/p>\n","protected":false},"author":2,"featured_media":0,"parent":0,"menu_order":0,"comment_status":"closed","ping_status":"closed","template":"","meta":{"_et_pb_use_builder":"on","_et_pb_old_content":"","_et_gb_content_width":"","footnotes":""},"class_list":["post-1289","page","type-page","status-publish","hentry"],"_links":{"self":[{"href":"https:\/\/dr-gmelin.com\/es\/wp-json\/wp\/v2\/pages\/1289","targetHints":{"allow":["GET"]}}],"collection":[{"href":"https:\/\/dr-gmelin.com\/es\/wp-json\/wp\/v2\/pages"}],"about":[{"href":"https:\/\/dr-gmelin.com\/es\/wp-json\/wp\/v2\/types\/page"}],"author":[{"embeddable":true,"href":"https:\/\/dr-gmelin.com\/es\/wp-json\/wp\/v2\/users\/2"}],"replies":[{"embeddable":true,"href":"https:\/\/dr-gmelin.com\/es\/wp-json\/wp\/v2\/comments?post=1289"}],"version-history":[{"count":6,"href":"https:\/\/dr-gmelin.com\/es\/wp-json\/wp\/v2\/pages\/1289\/revisions"}],"predecessor-version":[{"id":2104,"href":"https:\/\/dr-gmelin.com\/es\/wp-json\/wp\/v2\/pages\/1289\/revisions\/2104"}],"wp:attachment":[{"href":"https:\/\/dr-gmelin.com\/es\/wp-json\/wp\/v2\/media?parent=1289"}],"curies":[{"name":"wp","href":"https:\/\/api.w.org\/{rel}","templated":true}]}}