{"id":1286,"date":"2021-11-24T11:00:45","date_gmt":"2021-11-24T10:00:45","guid":{"rendered":"https:\/\/dr-gmelin.com\/como-llegar\/"},"modified":"2021-12-22T21:50:23","modified_gmt":"2021-12-22T20:50:23","slug":"como-llegar","status":"publish","type":"page","link":"https:\/\/dr-gmelin.com\/es\/como-llegar\/","title":{"rendered":"Como llegar"},"content":{"rendered":"<p>[et_pb_section fb_built=\u00bb1&#8243; _builder_version=\u00bb4.11.0&#8243; _module_preset=\u00bbdefault\u00bb use_background_color_gradient=\u00bbon\u00bb background_color_gradient_start=\u00bbrgba(0,0,0,0.6)\u00bb background_color_gradient_end=\u00bbrgba(0,0,0,0.6)\u00bb background_color_gradient_overlays_image=\u00bbon\u00bb background_image=\u00bbhttps:\/\/dr-gmelin.com\/wp-content\/uploads\/2021\/10\/Dr-Gmelin-Facharzt-fu\u0308r-innere-Medizin-auf-Mallorca.jpeg\u00bb global_colors_info=\u00bb{}\u00bb][et_pb_row _builder_version=\u00bb4.11.0&#8243; _module_preset=\u00bbdefault\u00bb width=\u00bb60%\u00bb custom_padding=\u00bb||0px||false|false\u00bb global_colors_info=\u00bb{}\u00bb][et_pb_column type=\u00bb4_4&#8243; _builder_version=\u00bb4.11.0&#8243; _module_preset=\u00bbdefault\u00bb global_colors_info=\u00bb{}\u00bb][et_pb_text _builder_version=\u00bb4.13.0&#8243; _module_preset=\u00bbdefault\u00bb header_font=\u00bbRoboto||||||||\u00bb header_text_align=\u00bbcenter\u00bb header_text_color=\u00bb#FFFFFF\u00bb header_font_size=\u00bb40px\u00bb header_line_height=\u00bb1.3em\u00bb custom_margin=\u00bb||0px||false|false\u00bb header_text_shadow_style=\u00bbpreset1&#8243; global_colors_info=\u00bb{}\u00bb]<\/p>\n<h1>C\u00f3mo llegar y aparcar<\/h1>\n<p>[\/et_pb_text][et_pb_text _builder_version=\u00bb4.13.0&#8243; _module_preset=\u00bbdefault\u00bb text_text_color=\u00bb#FFFFFF\u00bb text_font_size=\u00bb25px\u00bb text_line_height=\u00bb1.5em\u00bb text_orientation=\u00bbcenter\u00bb text_text_shadow_style=\u00bbpreset1&#8243; global_colors_info=\u00bb{}\u00bb]C\u00f3mo encontrarnos[\/et_pb_text][\/et_pb_column][\/et_pb_row][et_pb_row _builder_version=\u00bb4.11.0&#8243; _module_preset=\u00bbdefault\u00bb global_colors_info=\u00bb{}\u00bb][et_pb_column type=\u00bb4_4&#8243; _builder_version=\u00bb4.11.0&#8243; _module_preset=\u00bbdefault\u00bb custom_css_main_element=\u00bbdisplay: flex;||justify-content: center;\u00bb global_colors_info=\u00bb{}\u00bb][\/et_pb_column][\/et_pb_row][\/et_pb_section][et_pb_section fb_built=\u00bb1&#8243; module_id=\u00bbcomo_llegar\u00bb _builder_version=\u00bb4.13.0&#8243; _module_preset=\u00bbdefault\u00bb global_colors_info=\u00bb{}\u00bb][et_pb_row _builder_version=\u00bb4.11.0&#8243; _module_preset=\u00bbdefault\u00bb global_colors_info=\u00bb{}\u00bb][et_pb_column type=\u00bb4_4&#8243; _builder_version=\u00bb4.11.0&#8243; _module_preset=\u00bbdefault\u00bb global_colors_info=\u00bb{}\u00bb][et_pb_text _builder_version=\u00bb4.13.0&#8243; _module_preset=\u00bbdefault\u00bb text_font=\u00bbRoboto|900||on|||||\u00bb text_text_color=\u00bb#000000&#8243; text_font_size=\u00bb45px\u00bb text_letter_spacing=\u00bb0.5px\u00bb text_line_height=\u00bb1.3em\u00bb header_2_font=\u00bbRoboto|900|||||||\u00bb header_2_font_size=\u00bb44px\u00bb header_2_letter_spacing=\u00bb0.5px\u00bb header_2_line_height=\u00bb1.3em\u00bb text_orientation=\u00bbcenter\u00bb global_colors_info=\u00bb{}\u00bb]<\/p>\n<h2>C\u00d3MO LLEGAR A NOSOTROS<\/h2>\n<p>[\/et_pb_text][\/et_pb_column][\/et_pb_row][et_pb_row column_structure=\u00bb1_2,1_2&#8243; _builder_version=\u00bb4.11.0&#8243; _module_preset=\u00bbdefault\u00bb global_colors_info=\u00bb{}\u00bb][et_pb_column type=\u00bb1_2&#8243; _builder_version=\u00bb4.11.0&#8243; _module_preset=\u00bbdefault\u00bb global_colors_info=\u00bb{}\u00bb][et_pb_text _builder_version=\u00bb4.13.0&#8243; _module_preset=\u00bbdefault\u00bb text_font=\u00bbRoboto|700|||||||\u00bb text_text_color=\u00bb#E20512&#8243; text_font_size=\u00bb26px\u00bb global_colors_info=\u00bb{}\u00bb]En autob\u00fas:[\/et_pb_text][et_pb_blurb title=\u00bbBus N\u00famero 1&#8243; use_icon=\u00bbon\u00bb font_icon=\u00bb&#x5e;||divi||400&#8243; icon_color=\u00bb#E20512&#8243; icon_placement=\u00bbleft\u00bb image_icon_width=\u00bb20px\u00bb _builder_version=\u00bb4.13.0&#8243; _module_preset=\u00bbdefault\u00bb custom_margin=\u00bb||2%||false|false\u00bb icon_font_size=\u00bb20px\u00bb global_colors_info=\u00bb{}\u00bb]Porto P\u00ed \u2013 Sindicat, Parada: Port \u2013 Club de Mar[\/et_pb_blurb][et_pb_blurb title=\u00bbBus N\u00famero 4&#8243; use_icon=\u00bbon\u00bb font_icon=\u00bb&#x5e;||divi||400&#8243; icon_color=\u00bb#E20512&#8243; icon_placement=\u00bbleft\u00bb image_icon_width=\u00bb20px\u00bb _builder_version=\u00bb4.13.0&#8243; _module_preset=\u00bbdefault\u00bb custom_margin=\u00bb||2%||false|false\u00bb icon_font_size=\u00bb20px\u00bb global_colors_info=\u00bb{}\u00bb]Ses Illetes \u2013 Pla\u00e7a Columnes, Parada: Juan Mir\u00f3 \u2013 Corb Mar\u00ed[\/et_pb_blurb][et_pb_blurb title=\u00bbBus N\u00famero 20&#8243; use_icon=\u00bbon\u00bb font_icon=\u00bb&#x5e;||divi||400&#8243; icon_color=\u00bb#E20512&#8243; icon_placement=\u00bbleft\u00bb image_icon_width=\u00bb20px\u00bb _builder_version=\u00bb4.13.0&#8243; _module_preset=\u00bbdefault\u00bb custom_margin=\u00bb||2%||false|false\u00bb icon_font_size=\u00bb20px\u00bb global_colors_info=\u00bb{}\u00bb]Porto P\u00ed \u2013 Son Espases, Parada: Juan Mir\u00f3 \u2013 Corb Mar\u00ed[\/et_pb_blurb][et_pb_divider color=\u00bbRGBA(0,0,0,0)\u00bb _builder_version=\u00bb4.11.0&#8243; _module_preset=\u00bbdefault\u00bb global_colors_info=\u00bb{}\u00bb][\/et_pb_divider][et_pb_blurb title=\u00bbAl hacer clic en el mapa, se accede al sitio web de EMT con horarios, rutas de autob\u00fas y un planificador de rutas. \u00bb use_icon=\u00bbon\u00bb font_icon=\u00bb&#x24;||divi||400&#8243; icon_color=\u00bb#E20512&#8243; icon_placement=\u00bbleft\u00bb image_icon_width=\u00bb75px\u00bb module_id=\u00bbpfeil\u00bb _builder_version=\u00bb4.13.0&#8243; _module_preset=\u00bbdefault\u00bb header_font_size=\u00bb17px\u00bb header_line_height=\u00bb1.6em\u00bb custom_margin=\u00bb||||false|false\u00bb custom_padding=\u00bb||||false|false\u00bb custom_css_blurb_content=\u00bbdisplay: flex;||flex-direction: row-reverse;||\u00bb icon_font_size=\u00bb75px\u00bb global_colors_info=\u00bb{}\u00bb][\/et_pb_blurb][\/et_pb_column][et_pb_column type=\u00bb1_2&#8243; _builder_version=\u00bb4.11.0&#8243; _module_preset=\u00bbdefault\u00bb global_colors_info=\u00bb{}\u00bb][et_pb_image src=\u00bbhttps:\/\/dr-gmelin.com\/wp-content\/uploads\/2021\/12\/Map.png\u00bb title_text=\u00bbMap\u00bb url=\u00bbhttp:\/\/www.emtpalma.cat\/es\/lineas-horarios\u00bb align=\u00bbright\u00bb _builder_version=\u00bb4.13.0&#8243; _module_preset=\u00bbdefault\u00bb scroll_vertical_motion_enable=\u00bbon\u00bb scroll_vertical_motion=\u00bb0|50|50|100|0.5|0|0&#8243; global_colors_info=\u00bb{}\u00bb][\/et_pb_image][\/et_pb_column][\/et_pb_row][et_pb_row column_structure=\u00bb1_2,1_2&#8243; make_equal=\u00bbon\u00bb _builder_version=\u00bb4.11.0&#8243; _module_preset=\u00bbdefault\u00bb custom_css_main_element=\u00bbalign-items: center;\u00bb global_colors_info=\u00bb{}\u00bb][et_pb_column type=\u00bb1_2&#8243; _builder_version=\u00bb4.11.0&#8243; _module_preset=\u00bbdefault\u00bb global_colors_info=\u00bb{}\u00bb][et_pb_map address=\u00bbCarrer de Porto Pi, 8, 1a, 07015 Palma, Illes Balears, Spanien\u00bb address_lat=\u00bb39.5544669&#8243; address_lng=\u00bb2.6232987&#8243; _builder_version=\u00bb4.13.0&#8243; _module_preset=\u00bbdefault\u00bb global_colors_info=\u00bb{}\u00bb][et_pb_map_pin title=\u00bbDr. Christian Gmelin\u00bb pin_address=\u00bbCarrer de Porto Pi, 8, 1a, 07015 Palma, Illes Balears, Spanien\u00bb pin_address_lat=\u00bb39.5544669&#8243; pin_address_lng=\u00bb2.6232987&#8243; _builder_version=\u00bb4.13.0&#8243; _module_preset=\u00bbdefault\u00bb global_colors_info=\u00bb{}\u00bb]<strong><span style=\"text-decoration: underline;\">Especialista en Medicina Interna<\/span><\/strong><\/p>\n<p>Carrer de Porto Pi, 8, 1a,<br \/>\n07015 Palma,<br \/>\nIlles Balears, Spanien<\/p>\n<p><strong><a style=\"color: #e20512;\" href=\"https:\/\/g.page\/CentroMedicoPortoPi?share\" target=\"_blank\" rel=\"noopener\">abrir en Google Maps<\/a><\/strong>[\/et_pb_map_pin][\/et_pb_map][\/et_pb_column][et_pb_column type=\u00bb1_2&#8243; _builder_version=\u00bb4.11.0&#8243; _module_preset=\u00bbdefault\u00bb global_colors_info=\u00bb{}\u00bb][et_pb_text _builder_version=\u00bb4.13.0&#8243; _module_preset=\u00bbdefault\u00bb text_font=\u00bbRoboto|700|||||||\u00bb text_text_color=\u00bb#E20512&#8243; text_font_size=\u00bb26px\u00bb global_colors_info=\u00bb{}\u00bb]En coche: [\/et_pb_text][et_pb_text _builder_version=\u00bb4.13.0&#8243; _module_preset=\u00bbdefault\u00bb text_font_size=\u00bb17px\u00bb text_line_height=\u00bb1.6em\u00bb link_text_color=\u00bb#E20512&#8243; global_colors_info=\u00bb{}\u00bb]Para encontrar la ruta m\u00e1s r\u00e1pida en coche, simplemente haga clic en \u201cVer mapa m\u00e1s grande\u201d dentro del Mapa de Google. [\/et_pb_text][\/et_pb_column][\/et_pb_row][\/et_pb_section][et_pb_section fb_built=\u00bb1&#8243; module_id=\u00bbparking\u00bb _builder_version=\u00bb4.13.0&#8243; _module_preset=\u00bbdefault\u00bb box_shadow_style=\u00bbpreset7&#8243; box_shadow_horizontal=\u00bb-30vw\u00bb box_shadow_vertical=\u00bb0px\u00bb box_shadow_color=\u00bb#f4f4f4&#8243; global_colors_info=\u00bb{}\u00bb][et_pb_row column_structure=\u00bb1_2,1_2&#8243; make_equal=\u00bbon\u00bb _builder_version=\u00bb4.11.0&#8243; _module_preset=\u00bbdefault\u00bb custom_css_main_element=\u00bbalign-items: flex-start;\u00bb global_colors_info=\u00bb{}\u00bb][et_pb_column type=\u00bb1_2&#8243; _builder_version=\u00bb4.11.0&#8243; _module_preset=\u00bbdefault\u00bb global_colors_info=\u00bb{}\u00bb][et_pb_text _builder_version=\u00bb4.13.0&#8243; _module_preset=\u00bbdefault\u00bb text_font=\u00bbRoboto|700|||||||\u00bb text_text_color=\u00bb#000000&#8243; text_font_size=\u00bb26px\u00bb text_line_height=\u00bb1.3em\u00bb global_colors_info=\u00bb{}\u00bb]<\/p>\n<p>Puede aparcar en las siguientes ubicaciones:<\/p>\n<p>[\/et_pb_text][et_pb_text _builder_version=\u00bb4.13.0&#8243; _module_preset=\u00bbdefault\u00bb text_font_size=\u00bb17px\u00bb text_line_height=\u00bb1.6em\u00bb link_text_color=\u00bb#E20512&#8243; global_colors_info=\u00bb{}\u00bb]Al hacer clic en el mapa, se agranda. Aqu\u00ed puede ver las instalaciones de parking en el \u00e1rea.  [\/et_pb_text][et_pb_image src=\u00bbhttps:\/\/dr-gmelin.com\/wp-content\/uploads\/2021\/10\/Centro-Medico-Porto-Pi-Arzt-fu\u0308r-innere-Medizin-auf-Mallorca.jpeg\u00bb title_text=\u00bbCentro Medico Porto Pi Arzt fu\u0308r innere Medizin auf Mallorca\u00bb _builder_version=\u00bb4.11.0&#8243; _module_preset=\u00bbdefault\u00bb global_colors_info=\u00bb{}\u00bb][\/et_pb_image][\/et_pb_column][et_pb_column type=\u00bb1_2&#8243; _builder_version=\u00bb4.11.0&#8243; _module_preset=\u00bbdefault\u00bb global_colors_info=\u00bb{}\u00bb][et_pb_image src=\u00bbhttps:\/\/dr-gmelin.com\/wp-content\/uploads\/2021\/10\/dr-christian-gmelin-palma-porto-pi-mallorca-internist2.jpg\u00bb title_text=\u00bbdr-christian-gmelin-palma-porto-pi-mallorca-internist2&#8243; show_in_lightbox=\u00bbon\u00bb _builder_version=\u00bb4.11.0&#8243; _module_preset=\u00bbdefault\u00bb scroll_vertical_motion_enable=\u00bbon\u00bb scroll_vertical_motion=\u00bb0|50|50|100|0.5|0|0&#8243; global_colors_info=\u00bb{}\u00bb][\/et_pb_image][et_pb_image src=\u00bbhttps:\/\/dr-gmelin.com\/wp-content\/uploads\/2021\/10\/Internist-auf-Mallorca-Centro-Medico-Porto-Pi-A\u0308rztezentrum.jpeg\u00bb title_text=\u00bbInternist auf Mallorca Centro Medico Porto Pi A\u0308rztezentrum\u00bb _builder_version=\u00bb4.11.0&#8243; _module_preset=\u00bbdefault\u00bb global_colors_info=\u00bb{}\u00bb][\/et_pb_image][\/et_pb_column][\/et_pb_row][\/et_pb_section]<\/p>\n","protected":false},"excerpt":{"rendered":"<p>C\u00f3mo llegar y aparcarC\u00f3mo encontrarnosC\u00d3MO LLEGAR A NOSOTROSEn autob\u00fas:Porto P\u00ed \u2013 Sindicat, Parada: Port \u2013 Club de MarSes Illetes \u2013 Pla\u00e7a Columnes, Parada: Juan Mir\u00f3 \u2013 Corb Mar\u00edPorto P\u00ed \u2013 Son Espases, Parada: Juan Mir\u00f3 \u2013 Corb Mar\u00edEspecialista en Medicina Interna Carrer de Porto Pi, 8, 1a, 07015 Palma, Illes Balears, Spanien abrir en Google [&hellip;]<\/p>\n","protected":false},"author":2,"featured_media":0,"parent":0,"menu_order":0,"comment_status":"closed","ping_status":"closed","template":"","meta":{"_et_pb_use_builder":"on","_et_pb_old_content":"","_et_gb_content_width":"","footnotes":""},"class_list":["post-1286","page","type-page","status-publish","hentry"],"_links":{"self":[{"href":"https:\/\/dr-gmelin.com\/es\/wp-json\/wp\/v2\/pages\/1286","targetHints":{"allow":["GET"]}}],"collection":[{"href":"https:\/\/dr-gmelin.com\/es\/wp-json\/wp\/v2\/pages"}],"about":[{"href":"https:\/\/dr-gmelin.com\/es\/wp-json\/wp\/v2\/types\/page"}],"author":[{"embeddable":true,"href":"https:\/\/dr-gmelin.com\/es\/wp-json\/wp\/v2\/users\/2"}],"replies":[{"embeddable":true,"href":"https:\/\/dr-gmelin.com\/es\/wp-json\/wp\/v2\/comments?post=1286"}],"version-history":[{"count":10,"href":"https:\/\/dr-gmelin.com\/es\/wp-json\/wp\/v2\/pages\/1286\/revisions"}],"predecessor-version":[{"id":2108,"href":"https:\/\/dr-gmelin.com\/es\/wp-json\/wp\/v2\/pages\/1286\/revisions\/2108"}],"wp:attachment":[{"href":"https:\/\/dr-gmelin.com\/es\/wp-json\/wp\/v2\/media?parent=1286"}],"curies":[{"name":"wp","href":"https:\/\/api.w.org\/{rel}","templated":true}]}}